{"id":50,"date":"2026-03-20T21:04:50","date_gmt":"2026-03-20T21:04:50","guid":{"rendered":"https:\/\/lerestaurant31.com\/?page_id=50"},"modified":"2026-03-27T15:47:40","modified_gmt":"2026-03-27T15:47:40","slug":"le-restaurant-31-prepare-son-arrivee-en-ligne-ouverture-prochaine","status":"publish","type":"page","link":"https:\/\/lerestaurant31.com\/","title":{"rendered":"Ouverture prochaine"},"content":{"rendered":"\t\t<div data-elementor-type=\"wp-page\" data-elementor-id=\"50\" class=\"elementor elementor-50\" data-elementor-post-type=\"page\">\n\t\t\t\t<div class=\"elementor-element elementor-element-053ad64 e-con-full e-transform e-flex e-con e-parent\" data-id=\"053ad64\" data-element_type=\"container\" data-e-type=\"container\" data-settings=\"{&quot;background_background&quot;:&quot;classic&quot;,&quot;motion_fx_motion_fx_scrolling&quot;:&quot;yes&quot;,&quot;motion_fx_opacity_effect&quot;:&quot;yes&quot;,&quot;motion_fx_opacity_range&quot;:{&quot;unit&quot;:&quot;%&quot;,&quot;size&quot;:&quot;&quot;,&quot;sizes&quot;:{&quot;start&quot;:0,&quot;end&quot;:53}},&quot;motion_fx_opacity_direction&quot;:&quot;out-in&quot;,&quot;motion_fx_opacity_level&quot;:{&quot;unit&quot;:&quot;px&quot;,&quot;size&quot;:10,&quot;sizes&quot;:[]},&quot;motion_fx_devices&quot;:[&quot;desktop&quot;,&quot;tablet&quot;,&quot;mobile&quot;],&quot;_transform_skewX_effect&quot;:{&quot;unit&quot;:&quot;px&quot;,&quot;size&quot;:&quot;&quot;,&quot;sizes&quot;:[]},&quot;_transform_skewX_effect_tablet&quot;:{&quot;unit&quot;:&quot;deg&quot;,&quot;size&quot;:&quot;&quot;,&quot;sizes&quot;:[]},&quot;_transform_skewX_effect_mobile&quot;:{&quot;unit&quot;:&quot;deg&quot;,&quot;size&quot;:&quot;&quot;,&quot;sizes&quot;:[]},&quot;_transform_skewY_effect&quot;:{&quot;unit&quot;:&quot;px&quot;,&quot;size&quot;:&quot;&quot;,&quot;sizes&quot;:[]},&quot;_transform_skewY_effect_tablet&quot;:{&quot;unit&quot;:&quot;deg&quot;,&quot;size&quot;:&quot;&quot;,&quot;sizes&quot;:[]},&quot;_transform_skewY_effect_mobile&quot;:{&quot;unit&quot;:&quot;deg&quot;,&quot;size&quot;:&quot;&quot;,&quot;sizes&quot;:[]}}\">\n\t\t<div class=\"elementor-element elementor-element-3ab609b e-con-full e-flex e-con e-child\" data-id=\"3ab609b\" data-element_type=\"container\" data-e-type=\"container\">\n\t\t\t\t<div class=\"elementor-element elementor-element-527ca2e elementor-nav-menu__align-center elementor-nav-menu__text-align-center elementor-nav-menu--dropdown-tablet elementor-nav-menu--toggle elementor-nav-menu--burger elementor-widget elementor-widget-nav-menu\" data-id=\"527ca2e\" data-element_type=\"widget\" data-e-type=\"widget\" data-settings=\"{&quot;layout&quot;:&quot;horizontal&quot;,&quot;submenu_icon&quot;:{&quot;value&quot;:&quot;&lt;svg aria-hidden=\\&quot;true\\&quot; class=\\&quot;e-font-icon-svg e-fas-caret-down\\&quot; viewBox=\\&quot;0 0 320 512\\&quot; xmlns=\\&quot;http:\\\/\\\/www.w3.org\\\/2000\\\/svg\\&quot;&gt;&lt;path d=\\&quot;M31.3 192h257.3c17.8 0 26.7 21.5 14.1 34.1L174.1 354.8c-7.8 7.8-20.5 7.8-28.3 0L17.2 226.1C4.6 213.5 13.5 192 31.3 192z\\&quot;&gt;&lt;\\\/path&gt;&lt;\\\/svg&gt;&quot;,&quot;library&quot;:&quot;fa-solid&quot;},&quot;toggle&quot;:&quot;burger&quot;}\" data-widget_type=\"nav-menu.default\">\n\t\t\t\t\t\t\t\t<nav aria-label=\"Menu\" class=\"elementor-nav-menu--main elementor-nav-menu__container elementor-nav-menu--layout-horizontal e--pointer-underline e--animation-slide\">\n\t\t\t\t<ul id=\"menu-1-527ca2e\" class=\"elementor-nav-menu\"><li class=\"menu-item menu-item-type-custom menu-item-object-custom menu-item-100\"><a href=\"#pll_switcher\" class=\"elementor-item elementor-item-anchor\">Langues<\/a><\/li>\n<\/ul>\t\t\t<\/nav>\n\t\t\t\t\t<div class=\"elementor-menu-toggle\" role=\"button\" tabindex=\"0\" aria-label=\"Permuter le menu\" aria-expanded=\"false\">\n\t\t\t<svg aria-hidden=\"true\" role=\"presentation\" class=\"elementor-menu-toggle__icon--open e-font-icon-svg e-eicon-menu-bar\" viewBox=\"0 0 1000 1000\" xmlns=\"http:\/\/www.w3.org\/2000\/svg\"><path d=\"M104 333H896C929 333 958 304 958 271S929 208 896 208H104C71 208 42 237 42 271S71 333 104 333ZM104 583H896C929 583 958 554 958 521S929 458 896 458H104C71 458 42 487 42 521S71 583 104 583ZM104 833H896C929 833 958 804 958 771S929 708 896 708H104C71 708 42 737 42 771S71 833 104 833Z\"><\/path><\/svg><svg aria-hidden=\"true\" role=\"presentation\" class=\"elementor-menu-toggle__icon--close e-font-icon-svg e-eicon-close\" viewBox=\"0 0 1000 1000\" xmlns=\"http:\/\/www.w3.org\/2000\/svg\"><path d=\"M742 167L500 408 258 167C246 154 233 150 217 150 196 150 179 158 167 167 154 179 150 196 150 212 150 229 154 242 171 254L408 500 167 742C138 771 138 800 167 829 196 858 225 858 254 829L496 587 738 829C750 842 767 846 783 846 800 846 817 842 829 829 842 817 846 804 846 783 846 767 842 750 829 737L588 500 833 258C863 229 863 200 833 171 804 137 775 137 742 167Z\"><\/path><\/svg>\t\t<\/div>\n\t\t\t\t\t<nav class=\"elementor-nav-menu--dropdown elementor-nav-menu__container\" aria-hidden=\"true\">\n\t\t\t\t<ul id=\"menu-2-527ca2e\" class=\"elementor-nav-menu\"><li class=\"menu-item menu-item-type-custom menu-item-object-custom menu-item-100\"><a href=\"#pll_switcher\" class=\"elementor-item elementor-item-anchor\" tabindex=\"-1\">Langues<\/a><\/li>\n<\/ul>\t\t\t<\/nav>\n\t\t\t\t\t\t<\/div>\n\t\t\t\t<\/div>\n\t\t\t\t<div class=\"elementor-element elementor-element-599cc00 elementor-widget elementor-widget-html\" data-id=\"599cc00\" data-element_type=\"widget\" data-e-type=\"widget\" data-widget_type=\"html.default\">\n\t\t\t\t\t<div class=\"coming-soon-wrap\">\n  <div class=\"coming-soon-content\" style=\"border-radius:0px;\">\n    \n    <img decoding=\"async\" src=\"https:\/\/lerestaurant31.com\/wp-content\/uploads\/2026\/03\/Logo_le31_RVB_1.png\" \n         class=\"logo-le31\" \n         alt=\"Le restaurant 31\"\n         style=\"width:200px; height:auto; display:block; margin:0 auto 0px;\">\n\n    <p class=\"coming-soon-label\">Le restaurant 31<\/p>\n    \n    <h1>Notre site arrive bient\u00f4t<\/h1>\n    \n    <p class=\"coming-soon-text\">\n      Le 31 pr\u00e9pare son arriv\u00e9e en ligne. Ouverture prochaine.\n    <\/p>\n\n    <div class=\"loading-bar\">\n      <div class=\"loading-bar-fill\"><\/div>\n    <\/div>\n\n    <p class=\"loading-text\">Chargement en cours...<\/p>\n\n  <\/div>\n<\/div>\n\n<style>\n  .coming-soon-wrap {\n    width: 100%;\n    min-height: 100vh;\n    display: flex;\n    align-items: center;\n    justify-content: center;\n    padding: 20px 20px;\n    box-sizing: border-box;\n  }\n\n  .coming-soon-content {\n    width: 100%;\n    max-width: 900px;\n    text-align: center;\n    background: #e7dfd2;\n    padding: 40px 80px;\n    box-shadow: 0 10px 30px rgba(0, 0, 0, 0.08);\n    transition: transform 0.35s ease, box-shadow 0.35s ease;\n  }\n\n  .coming-soon-content:hover {\n    transform: translateY(-2px);\n    box-shadow: 0 16px 40px rgba(0, 0, 0, 0.10);\n  }\n\n  \/* LOGO *\/\n  .logo-le31 {\n    display: block;\n  }\n\n  .coming-soon-label {\n    margin: 0 0 38px;\n    font-size: 14px;\n    letter-spacing: 0.18em;\n    text-transform: uppercase;\n    color: #9a4741;\n    font-family: Georgia, serif;\n  }\n\n  .coming-soon-content h1 {\n    margin: 0 0 38px;\n    font-size: clamp(56px, 8vw, 90px);\n    line-height: 0.95;\n    color: #1f1b18;\n    font-family: Georgia, serif;\n    font-weight: 700;\n  }\n\n  .coming-soon-text {\n    margin: 0 0 42px;\n    font-size: 16px;\n    line-height: 1.5;\n    color: #5b514b;\n    font-family: Arial, sans-serif;\n  }\n\n  .loading-bar {\n    width: 100%;\n    max-width: 660px;\n    height: 14px;\n    margin: 0 auto;\n    background: rgba(124, 47, 45, 0.15);\n    border-radius: 20px;\n    overflow: hidden;\n    position: relative;\n    transition: transform 0.3s ease, box-shadow 0.3s ease;\n  }\n\n  .loading-bar:hover {\n    transform: scale(1.01);\n    box-shadow: 0 6px 18px rgba(124, 47, 45, 0.15);\n  }\n\n  .loading-bar-fill {\n    width: 34%;\n    height: 100%;\n    background: #8f332f;\n    border-radius: 20px;\n    animation: loadingLoop 2.6s ease-in-out infinite;\n    transition: animation-duration 0.3s ease;\n  }\n\n  .loading-bar:hover .loading-bar-fill {\n    animation-duration: 1.4s;\n  }\n\n  .loading-text {\n    margin-top: 18px;\n    font-size: 14px;\n    color: #7a6e67;\n    letter-spacing: 0.12em;\n    text-transform: uppercase;\n    font-family: Arial, sans-serif;\n    transition: letter-spacing 0.3s ease, color 0.3s ease;\n  }\n\n  .coming-soon-content:hover .loading-text {\n    letter-spacing: 0.16em;\n    color: #6c5f58;\n  }\n\n  @keyframes loadingLoop {\n    0% {\n      transform: translateX(-120%);\n    }\n    50% {\n      transform: translateX(220%);\n    }\n    100% {\n      transform: translateX(220%);\n    }\n  }\n\n  @media (max-width: 767px) {\n    .coming-soon-content {\n      padding: 70px 24px;\n    }\n\n    .coming-soon-text {\n      font-size: 18px;\n    }\n\n    .loading-bar {\n      height: 12px;\n    }\n  }\n<\/style>\t\t\t\t<\/div>\n\t\t\t\t<\/div>\n\t\t\t\t<\/div>\n\t\t","protected":false},"excerpt":{"rendered":"<p>Le restaurant 31 Notre site arrive bient\u00f4t Le 31 pr\u00e9pare son arriv\u00e9e en ligne. Ouverture prochaine. Chargement en cours&#8230;<\/p>\n","protected":false},"author":1,"featured_media":0,"parent":0,"menu_order":0,"comment_status":"closed","ping_status":"closed","template":"elementor_canvas","meta":{"footnotes":""},"class_list":["post-50","page","type-page","status-publish","hentry"],"_hostinger_reach_plugin_has_subscription_block":false,"_hostinger_reach_plugin_is_elementor":false,"_links":{"self":[{"href":"https:\/\/lerestaurant31.com\/index.php?rest_route=\/wp\/v2\/pages\/50","targetHints":{"allow":["GET"]}}],"collection":[{"href":"https:\/\/lerestaurant31.com\/index.php?rest_route=\/wp\/v2\/pages"}],"about":[{"href":"https:\/\/lerestaurant31.com\/index.php?rest_route=\/wp\/v2\/types\/page"}],"author":[{"embeddable":true,"href":"https:\/\/lerestaurant31.com\/index.php?rest_route=\/wp\/v2\/users\/1"}],"replies":[{"embeddable":true,"href":"https:\/\/lerestaurant31.com\/index.php?rest_route=%2Fwp%2Fv2%2Fcomments&post=50"}],"version-history":[{"count":38,"href":"https:\/\/lerestaurant31.com\/index.php?rest_route=\/wp\/v2\/pages\/50\/revisions"}],"predecessor-version":[{"id":152,"href":"https:\/\/lerestaurant31.com\/index.php?rest_route=\/wp\/v2\/pages\/50\/revisions\/152"}],"wp:attachment":[{"href":"https:\/\/lerestaurant31.com\/index.php?rest_route=%2Fwp%2Fv2%2Fmedia&parent=50"}],"curies":[{"name":"wp","href":"https:\/\/api.w.org\/{rel}","templated":true}]}}